{"id":4,"date":"2014-03-20T21:40:01","date_gmt":"2014-03-20T21:40:01","guid":{"rendered":"http:\/\/www.propiedadespuertomontt.cl\/?page_id=4"},"modified":"2021-05-08T20:11:38","modified_gmt":"2021-05-08T23:11:38","slug":"quienes-somos","status":"publish","type":"page","link":"https:\/\/www.propiedadespuertomontt.cl\/?page_id=4","title":{"rendered":"Quienes Somos"},"content":{"rendered":"\n<p>Con 16 a\u00f1os de experiencia en el mercado inmobiliario, es una corredora familiar.&nbsp; Fundada en Puerto Montt el a\u00f1o 2004 por la Sra. Carmen Fuentes Bahamonde y Don Rene Manuel Gonz\u00e1lez.<\/p>\n\n\n\n<p>PROPIEDADES PUERTO MONTT 2021,\u00a0 inicia un nuevo desaf\u00edo, con el objetivo de alcanzar un servicio inmobiliario de excelencia, para insertarse en la Regi\u00f3n de los Lagos a la vanguardia de las Corredoras, fundamentalmente por su atenci\u00f3n personalizada e integral, destacando la fidelizaci\u00f3n y satisfacci\u00f3n de nuestros clientes.\u00a0<br>Somos profesionales altamente capacitados manteniendo los valores y conceptos \u00e9ticos como un compromiso indisoluble. Que ante cualquier acci\u00f3n que se presente tendr\u00e1 la soluci\u00f3n en los tiempos esperados y las problem\u00e1ticas poderlas transformarlas en oportunidades.<br>Optamos por la mayor publicidad de nuestra gesti\u00f3n, nuestros clientes.<\/p>\n\n\n\n<div style=\"height:57px\" aria-hidden=\"true\" class=\"wp-block-spacer\"><\/div>\n\n\n\n<div class=\"wp-block-group\"><div class=\"wp-block-group__inner-container is-layout-flow wp-block-group-is-layout-flow\">\n<div class=\"wp-block-group\"><div class=\"wp-block-group__inner-container is-layout-flow wp-block-group-is-layout-flow\">\n<pre class=\"wp-block-verse\"><strong>Rene Manuel Gonz\u00e1lez<\/strong>\nCorredor de Propiedades\nRegistro Colegio Inmobiliario 109\nTasador Instituto Inmobiliario de Chile\nAUDITOR \/ Diplomado control de Gestion UACH<\/pre>\n<\/div><\/div>\n<\/div><\/div>\n","protected":false},"excerpt":{"rendered":"<p>Con 16 a\u00f1os de experiencia en el mercado inmobiliario, es una corredora familiar.&nbsp; Fundada en Puerto Montt el a\u00f1o 2004 por la Sra. Carmen Fuentes Bahamonde y Don Rene Manuel Gonz\u00e1lez. PROPIEDADES PUERTO MONTT 2021,\u00a0 inicia un nuevo desaf\u00edo, con el objetivo de alcanzar un servicio inmobiliario de excelencia, para insertarse en la Regi\u00f3n de [&hellip;]<\/p>\n","protected":false},"author":1,"featured_media":0,"parent":0,"menu_order":0,"comment_status":"closed","ping_status":"closed","template":"","meta":{"footnotes":""},"class_list":["post-4","page","type-page","status-publish","hentry"],"_links":{"self":[{"href":"https:\/\/www.propiedadespuertomontt.cl\/index.php?rest_route=\/wp\/v2\/pages\/4","targetHints":{"allow":["GET"]}}],"collection":[{"href":"https:\/\/www.propiedadespuertomontt.cl\/index.php?rest_route=\/wp\/v2\/pages"}],"about":[{"href":"https:\/\/www.propiedadespuertomontt.cl\/index.php?rest_route=\/wp\/v2\/types\/page"}],"author":[{"embeddable":true,"href":"https:\/\/www.propiedadespuertomontt.cl\/index.php?rest_route=\/wp\/v2\/users\/1"}],"replies":[{"embeddable":true,"href":"https:\/\/www.propiedadespuertomontt.cl\/index.php?rest_route=%2Fwp%2Fv2%2Fcomments&post=4"}],"version-history":[{"count":18,"href":"https:\/\/www.propiedadespuertomontt.cl\/index.php?rest_route=\/wp\/v2\/pages\/4\/revisions"}],"predecessor-version":[{"id":2658,"href":"https:\/\/www.propiedadespuertomontt.cl\/index.php?rest_route=\/wp\/v2\/pages\/4\/revisions\/2658"}],"wp:attachment":[{"href":"https:\/\/www.propiedadespuertomontt.cl\/index.php?rest_route=%2Fwp%2Fv2%2Fmedia&parent=4"}],"curies":[{"name":"wp","href":"https:\/\/api.w.org\/{rel}","templated":true}]}}